{"id":2,"date":"2025-01-23T16:41:27","date_gmt":"2025-01-23T15:41:27","guid":{"rendered":"http:\/\/hhbrcnt.cluster100.hosting.ovh.net\/?page_id=2"},"modified":"2025-09-12T10:28:15","modified_gmt":"2025-09-12T08:28:15","slug":"phoenix-elagage-a-propos","status":"publish","type":"page","link":"https:\/\/phoenix-elagage.fr\/index.php\/phoenix-elagage-a-propos\/","title":{"rendered":"A propos"},"content":{"rendered":"\n<div class=\"wp-block-cover alignfull is-light\"><img fetchpriority=\"high\" decoding=\"async\" width=\"576\" height=\"1024\" class=\"wp-block-cover__image-background wp-image-198 size-large\" alt=\"Phoenix \u00c9lagage a propos.\" src=\"https:\/\/phoenix-elagage.fr\/wp-content\/uploads\/2025\/04\/20200724_115358-576x1024.jpg\" data-object-fit=\"cover\" srcset=\"https:\/\/phoenix-elagage.fr\/wp-content\/uploads\/2025\/04\/20200724_115358-576x1024.jpg 576w, https:\/\/phoenix-elagage.fr\/wp-content\/uploads\/2025\/04\/20200724_115358-169x300.jpg 169w, https:\/\/phoenix-elagage.fr\/wp-content\/uploads\/2025\/04\/20200724_115358-768x1365.jpg 768w, https:\/\/phoenix-elagage.fr\/wp-content\/uploads\/2025\/04\/20200724_115358-864x1536.jpg 864w, https:\/\/phoenix-elagage.fr\/wp-content\/uploads\/2025\/04\/20200724_115358-1152x2048.jpg 1152w, https:\/\/phoenix-elagage.fr\/wp-content\/uploads\/2025\/04\/20200724_115358-scaled.jpg 1440w\" sizes=\"(max-width: 576px) 100vw, 576px\" \/><span aria-hidden=\"true\" class=\"wp-block-cover__background has-background-dim-30 has-background-dim\" style=\"background-color:#999781\"><\/span><div class=\"wp-block-cover__inner-container is-layout-constrained wp-block-cover-is-layout-constrained\">\n<h1 class=\"wp-block-heading has-text-align-center has-nv-site-bg-color has-text-color has-link-color wp-elements-b4ef3405f93c8bb03044d11d5aed3f43\" style=\"font-size:100px\">A Propos<\/h1>\n<\/div><\/div>\n\n\n\n<div style=\"height:100px\" aria-hidden=\"true\" class=\"wp-block-spacer\"><\/div>\n\n\n\n<div class=\"wp-block-columns alignwide is-layout-flex wp-container-core-columns-is-layout-9d6595d7 wp-block-columns-is-layout-flex\">\n<div class=\"wp-block-column is-layout-flow wp-block-column-is-layout-flow\"><div class=\"wp-block-image\">\n<figure class=\"aligncenter size-large is-resized\"><img decoding=\"async\" width=\"683\" height=\"1024\" src=\"https:\/\/phoenix-elagage.fr\/wp-content\/uploads\/2025\/04\/Nicolas_Vincent050-copie-edited-1-683x1024.jpg\" alt=\"Phoenix \u00c9lagage accueil\" class=\"wp-image-195\" style=\"width:477px;height:auto\" srcset=\"https:\/\/phoenix-elagage.fr\/wp-content\/uploads\/2025\/04\/Nicolas_Vincent050-copie-edited-1-683x1024.jpg 683w, https:\/\/phoenix-elagage.fr\/wp-content\/uploads\/2025\/04\/Nicolas_Vincent050-copie-edited-1-200x300.jpg 200w, https:\/\/phoenix-elagage.fr\/wp-content\/uploads\/2025\/04\/Nicolas_Vincent050-copie-edited-1-768x1152.jpg 768w, https:\/\/phoenix-elagage.fr\/wp-content\/uploads\/2025\/04\/Nicolas_Vincent050-copie-edited-1-1024x1536.jpg 1024w, https:\/\/phoenix-elagage.fr\/wp-content\/uploads\/2025\/04\/Nicolas_Vincent050-copie-edited-1-1366x2048.jpg 1366w, https:\/\/phoenix-elagage.fr\/wp-content\/uploads\/2025\/04\/Nicolas_Vincent050-copie-edited-1-scaled.jpg 1707w\" sizes=\"(max-width: 683px) 100vw, 683px\" \/><\/figure>\n<\/div><\/div>\n\n\n\n<div class=\"wp-block-column is-vertically-aligned-center is-layout-flow wp-block-column-is-layout-flow\">\n<h2 class=\"wp-block-heading has-text-align-left\">Nicolas VINCENT <\/h2>\n\n\n\n<p class=\"has-text-align-left\">Apr\u00e8s avoir test\u00e9 \u00e0 diff\u00e9rentes branches professionnelles, c\u2019est en    2018 que je me lance dans la taille et l\u2019entretien des arbres. Dipl\u00f4m\u00e9 d\u2019un Certificat Sp\u00e9cialis\u00e9 en \u00e9lagage reconnu par le Minist\u00e8re de l\u2019Agriculture, j\u2019ai pour vocation de prendre soin de vos arbres pour embellir vos ext\u00e9rieurs.<\/p>\n\n\n\n<p class=\"has-text-align-left\">C\u2019est donc par passion pour la nature qu\u2019est n\u00e9 Phoenix \u00c9lagage<\/p>\n\n\n\n<p>C&rsquo;est pourquoi j&rsquo;ai d\u00e9cid\u00e9 de mettre ma passion, mes connaissances et mes comp\u00e9tences aux services de vos espaces verts, afin de leur redonner vie. <\/p>\n\n\n\n<p>Sp\u00e9cialiste en abattage et taille d&rsquo;arbre, d\u00e9montage en milieu restreint et rognage de souche, je m&rsquo;occuperais de votre ext\u00e9rieur avec le plus grand soin et respect de la nature.<\/p>\n\n\n\n<p class=\"has-text-align-left\">Vous retrouverez les diff\u00e9rentes prestations sur l&rsquo;onglet \u00ab\u00a0Prestations\u00a0\u00bb de mon site web mais \u00e9galement des photos de mes diff\u00e9rents chantiers sur mon \u00ab\u00a0Portfolio\u00a0\u00bb et sur mon compte Facebook.<\/p>\n\n\n\n<ul class=\"wp-block-social-links aligncenter has-large-icon-size is-layout-flex wp-block-social-links-is-layout-flex\"><li class=\"wp-social-link wp-social-link-facebook  wp-block-social-link\"><a href=\"https:\/\/www.facebook.com\/profile.php?id=100073675871072\" class=\"wp-block-social-link-anchor\"><svg width=\"24\" height=\"24\" viewBox=\"0 0 24 24\" version=\"1.1\" xmlns=\"http:\/\/www.w3.org\/2000\/svg\" aria-hidden=\"true\" focusable=\"false\"><path d=\"M12 2C6.5 2 2 6.5 2 12c0 5 3.7 9.1 8.4 9.9v-7H7.9V12h2.5V9.8c0-2.5 1.5-3.9 3.8-3.9 1.1 0 2.2.2 2.2.2v2.5h-1.3c-1.2 0-1.6.8-1.6 1.6V12h2.8l-.4 2.9h-2.3v7C18.3 21.1 22 17 22 12c0-5.5-4.5-10-10-10z\"><\/path><\/svg><span class=\"wp-block-social-link-label screen-reader-text\">Facebook<\/span><\/a><\/li><\/ul>\n<\/div>\n<\/div>\n\n\n\n<div style=\"height:227px\" aria-hidden=\"true\" class=\"wp-block-spacer\"><\/div>\n","protected":false},"excerpt":{"rendered":"<p>Nicolas VINCENT Apr\u00e8s avoir test\u00e9 \u00e0 diff\u00e9rentes branches professionnelles, c\u2019est en 2018 que je me lance dans la taille et l\u2019entretien des arbres. Dipl\u00f4m\u00e9 d\u2019un Certificat Sp\u00e9cialis\u00e9 en \u00e9lagage reconnu par le Minist\u00e8re de l\u2019Agriculture, j\u2019ai pour vocation de prendre soin de vos arbres pour embellir vos ext\u00e9rieurs. C\u2019est donc par passion pour la nature&hellip;&nbsp;<a href=\"https:\/\/phoenix-elagage.fr\/index.php\/phoenix-elagage-a-propos\/\" rel=\"bookmark\">Lire la suite &raquo;<span class=\"screen-reader-text\">A propos<\/span><\/a><\/p>\n","protected":false},"author":1,"featured_media":198,"parent":0,"menu_order":0,"comment_status":"closed","ping_status":"closed","template":"","meta":{"neve_meta_sidebar":"","neve_meta_container":"","neve_meta_enable_content_width":"","neve_meta_content_width":0,"neve_meta_title_alignment":"","neve_meta_author_avatar":"","neve_post_elements_order":"","neve_meta_disable_header":"","neve_meta_disable_footer":"","neve_meta_disable_title":"","footnotes":""},"class_list":["post-2","page","type-page","status-publish","has-post-thumbnail","hentry"],"yoast_head":"<!-- This site is optimized with the Yoast SEO plugin v27.4 - https:\/\/yoast.com\/product\/yoast-seo-wordpress\/ -->\n<title>A propos - Phoenix \u00c9lagage<\/title>\n<meta name=\"description\" content=\"Phoenix \u00e9lagage, c&#039;est un passionn\u00e9 de nature mettant ses connaissances et comp\u00e9tences aux services de vos espaces verts. D\u00e9couvrez-nous !\" \/>\n<meta name=\"robots\" content=\"index, follow, max-snippet:-1, max-image-preview:large, max-video-preview:-1\" \/>\n<link rel=\"canonical\" href=\"https:\/\/phoenix-elagage.fr\/index.php\/phoenix-elagage-a-propos\/\" \/>\n<meta property=\"og:locale\" content=\"fr_FR\" \/>\n<meta property=\"og:type\" content=\"article\" \/>\n<meta property=\"og:title\" content=\"A propos - Phoenix \u00c9lagage\" \/>\n<meta property=\"og:description\" content=\"Phoenix \u00e9lagage, c&#039;est un passionn\u00e9 de nature mettant ses connaissances et comp\u00e9tences aux services de vos espaces verts. D\u00e9couvrez-nous !\" \/>\n<meta property=\"og:url\" content=\"https:\/\/phoenix-elagage.fr\/index.php\/phoenix-elagage-a-propos\/\" \/>\n<meta property=\"og:site_name\" content=\"Phoenix \u00c9lagage\" \/>\n<meta property=\"article:modified_time\" content=\"2025-09-12T08:28:15+00:00\" \/>\n<meta property=\"og:image\" content=\"https:\/\/phoenix-elagage.fr\/wp-content\/uploads\/2025\/04\/20200724_115358-scaled.jpg\" \/>\n\t<meta property=\"og:image:width\" content=\"1440\" \/>\n\t<meta property=\"og:image:height\" content=\"2560\" \/>\n\t<meta property=\"og:image:type\" content=\"image\/jpeg\" \/>\n<meta name=\"twitter:card\" content=\"summary_large_image\" \/>\n<meta name=\"twitter:label1\" content=\"Dur\u00e9e de lecture estim\u00e9e\" \/>\n\t<meta name=\"twitter:data1\" content=\"2 minutes\" \/>\n<script type=\"application\/ld+json\" class=\"yoast-schema-graph\">{\"@context\":\"https:\\\/\\\/schema.org\",\"@graph\":[{\"@type\":\"WebPage\",\"@id\":\"https:\\\/\\\/phoenix-elagage.fr\\\/index.php\\\/phoenix-elagage-a-propos\\\/\",\"url\":\"https:\\\/\\\/phoenix-elagage.fr\\\/index.php\\\/phoenix-elagage-a-propos\\\/\",\"name\":\"A propos - Phoenix \u00c9lagage\",\"isPartOf\":{\"@id\":\"https:\\\/\\\/phoenix-elagage.fr\\\/#website\"},\"primaryImageOfPage\":{\"@id\":\"https:\\\/\\\/phoenix-elagage.fr\\\/index.php\\\/phoenix-elagage-a-propos\\\/#primaryimage\"},\"image\":{\"@id\":\"https:\\\/\\\/phoenix-elagage.fr\\\/index.php\\\/phoenix-elagage-a-propos\\\/#primaryimage\"},\"thumbnailUrl\":\"https:\\\/\\\/phoenix-elagage.fr\\\/wp-content\\\/uploads\\\/2025\\\/04\\\/20200724_115358-scaled.jpg\",\"datePublished\":\"2025-01-23T15:41:27+00:00\",\"dateModified\":\"2025-09-12T08:28:15+00:00\",\"description\":\"Phoenix \u00e9lagage, c'est un passionn\u00e9 de nature mettant ses connaissances et comp\u00e9tences aux services de vos espaces verts. D\u00e9couvrez-nous !\",\"breadcrumb\":{\"@id\":\"https:\\\/\\\/phoenix-elagage.fr\\\/index.php\\\/phoenix-elagage-a-propos\\\/#breadcrumb\"},\"inLanguage\":\"fr-FR\",\"potentialAction\":[{\"@type\":\"ReadAction\",\"target\":[\"https:\\\/\\\/phoenix-elagage.fr\\\/index.php\\\/phoenix-elagage-a-propos\\\/\"]}]},{\"@type\":\"ImageObject\",\"inLanguage\":\"fr-FR\",\"@id\":\"https:\\\/\\\/phoenix-elagage.fr\\\/index.php\\\/phoenix-elagage-a-propos\\\/#primaryimage\",\"url\":\"https:\\\/\\\/phoenix-elagage.fr\\\/wp-content\\\/uploads\\\/2025\\\/04\\\/20200724_115358-scaled.jpg\",\"contentUrl\":\"https:\\\/\\\/phoenix-elagage.fr\\\/wp-content\\\/uploads\\\/2025\\\/04\\\/20200724_115358-scaled.jpg\",\"width\":1440,\"height\":2560,\"caption\":\"Phoenix \u00c9lagage a propos.\"},{\"@type\":\"BreadcrumbList\",\"@id\":\"https:\\\/\\\/phoenix-elagage.fr\\\/index.php\\\/phoenix-elagage-a-propos\\\/#breadcrumb\",\"itemListElement\":[{\"@type\":\"ListItem\",\"position\":1,\"name\":\"Accueil\",\"item\":\"https:\\\/\\\/phoenix-elagage.fr\\\/\"},{\"@type\":\"ListItem\",\"position\":2,\"name\":\"A propos\"}]},{\"@type\":\"WebSite\",\"@id\":\"https:\\\/\\\/phoenix-elagage.fr\\\/#website\",\"url\":\"https:\\\/\\\/phoenix-elagage.fr\\\/\",\"name\":\"Phoenix \u00c9lagage\",\"description\":\"Transformer votre paysage\",\"publisher\":{\"@id\":\"https:\\\/\\\/phoenix-elagage.fr\\\/#organization\"},\"potentialAction\":[{\"@type\":\"SearchAction\",\"target\":{\"@type\":\"EntryPoint\",\"urlTemplate\":\"https:\\\/\\\/phoenix-elagage.fr\\\/?s={search_term_string}\"},\"query-input\":{\"@type\":\"PropertyValueSpecification\",\"valueRequired\":true,\"valueName\":\"search_term_string\"}}],\"inLanguage\":\"fr-FR\"},{\"@type\":\"Organization\",\"@id\":\"https:\\\/\\\/phoenix-elagage.fr\\\/#organization\",\"name\":\"Phoenix \u00c9lagage\",\"url\":\"https:\\\/\\\/phoenix-elagage.fr\\\/\",\"logo\":{\"@type\":\"ImageObject\",\"inLanguage\":\"fr-FR\",\"@id\":\"https:\\\/\\\/phoenix-elagage.fr\\\/#\\\/schema\\\/logo\\\/image\\\/\",\"url\":\"https:\\\/\\\/phoenix-elagage.fr\\\/wp-content\\\/uploads\\\/2025\\\/01\\\/logo-agency.png\",\"contentUrl\":\"https:\\\/\\\/phoenix-elagage.fr\\\/wp-content\\\/uploads\\\/2025\\\/01\\\/logo-agency.png\",\"width\":200,\"height\":200,\"caption\":\"Phoenix \u00c9lagage\"},\"image\":{\"@id\":\"https:\\\/\\\/phoenix-elagage.fr\\\/#\\\/schema\\\/logo\\\/image\\\/\"}}]}<\/script>\n<!-- \/ Yoast SEO plugin. -->","yoast_head_json":{"title":"A propos - Phoenix \u00c9lagage","description":"Phoenix \u00e9lagage, c'est un passionn\u00e9 de nature mettant ses connaissances et comp\u00e9tences aux services de vos espaces verts. D\u00e9couvrez-nous !","robots":{"index":"index","follow":"follow","max-snippet":"max-snippet:-1","max-image-preview":"max-image-preview:large","max-video-preview":"max-video-preview:-1"},"canonical":"https:\/\/phoenix-elagage.fr\/index.php\/phoenix-elagage-a-propos\/","og_locale":"fr_FR","og_type":"article","og_title":"A propos - Phoenix \u00c9lagage","og_description":"Phoenix \u00e9lagage, c'est un passionn\u00e9 de nature mettant ses connaissances et comp\u00e9tences aux services de vos espaces verts. D\u00e9couvrez-nous !","og_url":"https:\/\/phoenix-elagage.fr\/index.php\/phoenix-elagage-a-propos\/","og_site_name":"Phoenix \u00c9lagage","article_modified_time":"2025-09-12T08:28:15+00:00","og_image":[{"width":1440,"height":2560,"url":"https:\/\/phoenix-elagage.fr\/wp-content\/uploads\/2025\/04\/20200724_115358-scaled.jpg","type":"image\/jpeg"}],"twitter_card":"summary_large_image","twitter_misc":{"Dur\u00e9e de lecture estim\u00e9e":"2 minutes"},"schema":{"@context":"https:\/\/schema.org","@graph":[{"@type":"WebPage","@id":"https:\/\/phoenix-elagage.fr\/index.php\/phoenix-elagage-a-propos\/","url":"https:\/\/phoenix-elagage.fr\/index.php\/phoenix-elagage-a-propos\/","name":"A propos - Phoenix \u00c9lagage","isPartOf":{"@id":"https:\/\/phoenix-elagage.fr\/#website"},"primaryImageOfPage":{"@id":"https:\/\/phoenix-elagage.fr\/index.php\/phoenix-elagage-a-propos\/#primaryimage"},"image":{"@id":"https:\/\/phoenix-elagage.fr\/index.php\/phoenix-elagage-a-propos\/#primaryimage"},"thumbnailUrl":"https:\/\/phoenix-elagage.fr\/wp-content\/uploads\/2025\/04\/20200724_115358-scaled.jpg","datePublished":"2025-01-23T15:41:27+00:00","dateModified":"2025-09-12T08:28:15+00:00","description":"Phoenix \u00e9lagage, c'est un passionn\u00e9 de nature mettant ses connaissances et comp\u00e9tences aux services de vos espaces verts. D\u00e9couvrez-nous !","breadcrumb":{"@id":"https:\/\/phoenix-elagage.fr\/index.php\/phoenix-elagage-a-propos\/#breadcrumb"},"inLanguage":"fr-FR","potentialAction":[{"@type":"ReadAction","target":["https:\/\/phoenix-elagage.fr\/index.php\/phoenix-elagage-a-propos\/"]}]},{"@type":"ImageObject","inLanguage":"fr-FR","@id":"https:\/\/phoenix-elagage.fr\/index.php\/phoenix-elagage-a-propos\/#primaryimage","url":"https:\/\/phoenix-elagage.fr\/wp-content\/uploads\/2025\/04\/20200724_115358-scaled.jpg","contentUrl":"https:\/\/phoenix-elagage.fr\/wp-content\/uploads\/2025\/04\/20200724_115358-scaled.jpg","width":1440,"height":2560,"caption":"Phoenix \u00c9lagage a propos."},{"@type":"BreadcrumbList","@id":"https:\/\/phoenix-elagage.fr\/index.php\/phoenix-elagage-a-propos\/#breadcrumb","itemListElement":[{"@type":"ListItem","position":1,"name":"Accueil","item":"https:\/\/phoenix-elagage.fr\/"},{"@type":"ListItem","position":2,"name":"A propos"}]},{"@type":"WebSite","@id":"https:\/\/phoenix-elagage.fr\/#website","url":"https:\/\/phoenix-elagage.fr\/","name":"Phoenix \u00c9lagage","description":"Transformer votre paysage","publisher":{"@id":"https:\/\/phoenix-elagage.fr\/#organization"},"potentialAction":[{"@type":"SearchAction","target":{"@type":"EntryPoint","urlTemplate":"https:\/\/phoenix-elagage.fr\/?s={search_term_string}"},"query-input":{"@type":"PropertyValueSpecification","valueRequired":true,"valueName":"search_term_string"}}],"inLanguage":"fr-FR"},{"@type":"Organization","@id":"https:\/\/phoenix-elagage.fr\/#organization","name":"Phoenix \u00c9lagage","url":"https:\/\/phoenix-elagage.fr\/","logo":{"@type":"ImageObject","inLanguage":"fr-FR","@id":"https:\/\/phoenix-elagage.fr\/#\/schema\/logo\/image\/","url":"https:\/\/phoenix-elagage.fr\/wp-content\/uploads\/2025\/01\/logo-agency.png","contentUrl":"https:\/\/phoenix-elagage.fr\/wp-content\/uploads\/2025\/01\/logo-agency.png","width":200,"height":200,"caption":"Phoenix \u00c9lagage"},"image":{"@id":"https:\/\/phoenix-elagage.fr\/#\/schema\/logo\/image\/"}}]}},"_links":{"self":[{"href":"https:\/\/phoenix-elagage.fr\/index.php\/wp-json\/wp\/v2\/pages\/2","targetHints":{"allow":["GET"]}}],"collection":[{"href":"https:\/\/phoenix-elagage.fr\/index.php\/wp-json\/wp\/v2\/pages"}],"about":[{"href":"https:\/\/phoenix-elagage.fr\/index.php\/wp-json\/wp\/v2\/types\/page"}],"author":[{"embeddable":true,"href":"https:\/\/phoenix-elagage.fr\/index.php\/wp-json\/wp\/v2\/users\/1"}],"replies":[{"embeddable":true,"href":"https:\/\/phoenix-elagage.fr\/index.php\/wp-json\/wp\/v2\/comments?post=2"}],"version-history":[{"count":19,"href":"https:\/\/phoenix-elagage.fr\/index.php\/wp-json\/wp\/v2\/pages\/2\/revisions"}],"predecessor-version":[{"id":302,"href":"https:\/\/phoenix-elagage.fr\/index.php\/wp-json\/wp\/v2\/pages\/2\/revisions\/302"}],"wp:featuredmedia":[{"embeddable":true,"href":"https:\/\/phoenix-elagage.fr\/index.php\/wp-json\/wp\/v2\/media\/198"}],"wp:attachment":[{"href":"https:\/\/phoenix-elagage.fr\/index.php\/wp-json\/wp\/v2\/media?parent=2"}],"curies":[{"name":"wp","href":"https:\/\/api.w.org\/{rel}","templated":true}]}}