{"id":10,"date":"2025-01-25T19:11:05","date_gmt":"2025-01-25T18:11:05","guid":{"rendered":"http:\/\/hhbrcnt.cluster100.hosting.ovh.net\/?page_id=10"},"modified":"2025-09-09T11:33:46","modified_gmt":"2025-09-09T09:33:46","slug":"prestations","status":"publish","type":"page","link":"https:\/\/phoenix-elagage.fr\/index.php\/prestations\/","title":{"rendered":"Prestations"},"content":{"rendered":"\n<div class=\"wp-block-cover alignfull is-light\" style=\"min-height:351px;aspect-ratio:unset;\"><img fetchpriority=\"high\" decoding=\"async\" width=\"1024\" height=\"576\" class=\"wp-block-cover__image-background wp-image-164 size-large\" alt=\"\" src=\"https:\/\/phoenix-elagage.fr\/wp-content\/uploads\/2025\/04\/received_145944728073890-edited-1024x576.jpg\" data-object-fit=\"cover\" srcset=\"https:\/\/phoenix-elagage.fr\/wp-content\/uploads\/2025\/04\/received_145944728073890-edited-1024x576.jpg 1024w, https:\/\/phoenix-elagage.fr\/wp-content\/uploads\/2025\/04\/received_145944728073890-edited-300x169.jpg 300w, https:\/\/phoenix-elagage.fr\/wp-content\/uploads\/2025\/04\/received_145944728073890-edited-768x432.jpg 768w, https:\/\/phoenix-elagage.fr\/wp-content\/uploads\/2025\/04\/received_145944728073890-edited-1536x864.jpg 1536w, https:\/\/phoenix-elagage.fr\/wp-content\/uploads\/2025\/04\/received_145944728073890-edited-2048x1152.jpg 2048w\" sizes=\"(max-width: 1024px) 100vw, 1024px\" \/><span aria-hidden=\"true\" class=\"wp-block-cover__background has-nv-site-bg-background-color has-background-dim-10 has-background-dim\"><\/span><div class=\"wp-block-cover__inner-container is-layout-flow wp-block-cover-is-layout-flow\">\n<h1 class=\"wp-block-heading has-text-align-center has-nv-site-bg-color has-text-color has-link-color has-x-large-font-size wp-elements-74dd2aaa5e295f2a66fe4972c4ba9f86\" style=\"border-style:none;border-width:0px\">NOS PRESTATIONS<\/h1>\n<\/div><\/div>\n\n\n\n<div style=\"height:70px\" aria-hidden=\"true\" class=\"wp-block-spacer\"><\/div>\n\n\n\n<div class=\"wp-block-columns alignwide has-background is-layout-flex wp-container-core-columns-is-layout-abbe5815 wp-block-columns-is-layout-flex\" style=\"background-color:#2d84c3;padding-top:0;padding-right:0;padding-bottom:0;padding-left:0\">\n<div class=\"wp-block-column is-vertically-aligned-stretch has-background is-layout-flow wp-block-column-is-layout-flow\" style=\"background-color:#2d84c3\">\n<h2 class=\"wp-block-heading has-nv-text-dark-bg-color has-text-color has-background has-link-color has-x-large-font-size wp-elements-8c8a0b9c534dcd9e6f07cdd69947bc49\" style=\"background-color:#2d84c3;font-style:normal;font-weight:700\">Abattage<\/h2>\n\n\n\n<p class=\"has-nv-site-bg-color has-text-color has-background has-link-color wp-elements-508657b592126373fe2f0a605e5c3f6d\" style=\"background-color:#2d84c3;padding-top:0;padding-bottom:0\">L\u2019abattage, c\u2019est l\u2019action de couper et faire tomber un arbre de mani\u00e8re contr\u00f4l\u00e9e. Cela n\u00e9cessite une planification minutieuse pour s\u2019assurer que l\u2019arbre tombe en toute s\u00e9curit\u00e9, en prenant en compte l\u2019espace environnant et en utilisant des techniques adapt\u00e9es.<br><\/p>\n\n\n\n<div class=\"wp-block-buttons alignwide is-content-justification-center is-layout-flex wp-container-core-buttons-is-layout-16018d1d wp-block-buttons-is-layout-flex\">\n<div class=\"wp-block-button is-style-default\"><a class=\"wp-block-button__link has-text-align-center wp-element-button\" style=\"text-transform:none\">Voir nos r\u00e9alisations<\/a><\/div>\n<\/div>\n\n\n\n<div style=\"height:39px\" aria-hidden=\"true\" class=\"wp-block-spacer\"><\/div>\n<\/div>\n\n\n\n<div class=\"wp-block-column is-vertically-aligned-center has-background is-layout-flow wp-block-column-is-layout-flow\" style=\"background-color:#2d84c3;flex-basis:350px\">\n<div style=\"height:20px\" aria-hidden=\"true\" class=\"wp-block-spacer\"><\/div>\n\n\n<div class=\"wp-block-image\">\n<figure class=\"aligncenter size-large is-resized\"><img decoding=\"async\" width=\"768\" height=\"1024\" src=\"https:\/\/phoenix-elagage.fr\/wp-content\/uploads\/2025\/09\/IMG_20220905_075944-768x1024.jpg\" alt=\"\" class=\"wp-image-290\" style=\"object-fit:cover;width:250px;height:350px\" srcset=\"https:\/\/phoenix-elagage.fr\/wp-content\/uploads\/2025\/09\/IMG_20220905_075944-768x1024.jpg 768w, https:\/\/phoenix-elagage.fr\/wp-content\/uploads\/2025\/09\/IMG_20220905_075944-225x300.jpg 225w, https:\/\/phoenix-elagage.fr\/wp-content\/uploads\/2025\/09\/IMG_20220905_075944-1152x1536.jpg 1152w, https:\/\/phoenix-elagage.fr\/wp-content\/uploads\/2025\/09\/IMG_20220905_075944-1536x2048.jpg 1536w, https:\/\/phoenix-elagage.fr\/wp-content\/uploads\/2025\/09\/IMG_20220905_075944-scaled.jpg 1920w\" sizes=\"(max-width: 768px) 100vw, 768px\" \/><\/figure>\n<\/div>\n\n\n<div style=\"height:25px\" aria-hidden=\"true\" class=\"wp-block-spacer\"><\/div>\n\n\n\n<div style=\"height:0px\" aria-hidden=\"true\" class=\"wp-block-spacer\"><\/div>\n<\/div>\n<\/div>\n\n\n\n<div style=\"height:70px\" aria-hidden=\"true\" class=\"wp-block-spacer\"><\/div>\n\n\n\n<div class=\"wp-block-columns alignwide has-background is-layout-flex wp-container-core-columns-is-layout-abbe5815 wp-block-columns-is-layout-flex\" style=\"background-color:#2d84c3;padding-top:0;padding-right:0;padding-bottom:0;padding-left:0\">\n<div class=\"wp-block-column is-vertically-aligned-stretch has-background is-layout-flow wp-block-column-is-layout-flow\" style=\"background-color:#2d84c3\">\n<h2 class=\"wp-block-heading has-nv-text-dark-bg-color has-text-color has-background has-link-color has-x-large-font-size wp-elements-99a16b2a97e7416d6466045211bfd7ac\" style=\"background-color:#2d84c3;font-style:normal;font-weight:700\">D\u00e9montage en milieu restreint <\/h2>\n\n\n\n<p class=\"has-nv-site-bg-color has-text-color has-background has-link-color wp-elements-b59eb854bc409da3eb32b263afad2ccc\" style=\"background-color:#2d84c3;padding-top:0;padding-bottom:0\">Le d\u00e9montage en milieu restreint, c\u2019est l\u2019art de retirer habilement des arbres dans des espaces confin\u00e9s. Il implique des techniques sp\u00e9ciales pour d\u00e9monter les arbres de mani\u00e8re s\u00e9curis\u00e9e, m\u00eame dans des endroits \u00e9troits.<\/p>\n\n\n\n<div class=\"wp-block-buttons alignwide is-content-justification-center is-layout-flex wp-container-core-buttons-is-layout-16018d1d wp-block-buttons-is-layout-flex\">\n<div class=\"wp-block-button is-style-default\"><a class=\"wp-block-button__link has-text-align-center wp-element-button\" style=\"text-transform:none\">Voir nos r\u00e9alisations<\/a><\/div>\n<\/div>\n\n\n\n<div style=\"height:39px\" aria-hidden=\"true\" class=\"wp-block-spacer\"><\/div>\n<\/div>\n\n\n\n<div class=\"wp-block-column is-vertically-aligned-center has-background is-layout-flow wp-block-column-is-layout-flow\" style=\"background-color:#2d84c3;flex-basis:350px\">\n<div style=\"height:20px\" aria-hidden=\"true\" class=\"wp-block-spacer\"><\/div>\n\n\n<div class=\"wp-block-image\">\n<figure class=\"aligncenter size-large is-resized\"><img decoding=\"async\" width=\"768\" height=\"1024\" src=\"https:\/\/phoenix-elagage.fr\/wp-content\/uploads\/2025\/09\/IMG_20230111_173259-768x1024.jpg\" alt=\"\" class=\"wp-image-291\" style=\"aspect-ratio:0.7142857142857143;object-fit:cover;width:266px;height:auto\" srcset=\"https:\/\/phoenix-elagage.fr\/wp-content\/uploads\/2025\/09\/IMG_20230111_173259-768x1024.jpg 768w, https:\/\/phoenix-elagage.fr\/wp-content\/uploads\/2025\/09\/IMG_20230111_173259-225x300.jpg 225w, https:\/\/phoenix-elagage.fr\/wp-content\/uploads\/2025\/09\/IMG_20230111_173259-1152x1536.jpg 1152w, https:\/\/phoenix-elagage.fr\/wp-content\/uploads\/2025\/09\/IMG_20230111_173259-1536x2048.jpg 1536w, https:\/\/phoenix-elagage.fr\/wp-content\/uploads\/2025\/09\/IMG_20230111_173259-scaled.jpg 1920w\" sizes=\"(max-width: 768px) 100vw, 768px\" \/><\/figure>\n<\/div>\n\n\n<div style=\"height:25px\" aria-hidden=\"true\" class=\"wp-block-spacer\"><\/div>\n\n\n\n<div style=\"height:0px\" aria-hidden=\"true\" class=\"wp-block-spacer\"><\/div>\n<\/div>\n<\/div>\n\n\n\n<div style=\"height:70px\" aria-hidden=\"true\" class=\"wp-block-spacer\"><\/div>\n\n\n\n<div class=\"wp-block-columns alignwide has-background is-layout-flex wp-container-core-columns-is-layout-abbe5815 wp-block-columns-is-layout-flex\" style=\"background-color:#2d84c3;padding-top:0;padding-right:0;padding-bottom:0;padding-left:0\">\n<div class=\"wp-block-column is-vertically-aligned-stretch has-background is-layout-flow wp-block-column-is-layout-flow\" style=\"background-color:#2d84c3\">\n<h2 class=\"wp-block-heading has-nv-text-dark-bg-color has-text-color has-background has-link-color has-x-large-font-size wp-elements-687ccfa807d7713b0b320c2f86ef2184\" style=\"background-color:#2d84c3;font-style:normal;font-weight:700\">Taille d&rsquo;arbres<\/h2>\n\n\n\n<p class=\"has-nv-site-bg-color has-text-color has-background has-link-color wp-elements-3572327a6fb18bdcfe208e220ea18b4f\" style=\"background-color:#2d84c3;padding-top:0;padding-bottom:0\">Avec Phoenix Elagage, la taille d\u2019arbres, c\u2019est le fait de couper certaines parties des arbres pour les garder en bonne sant\u00e9, bien form\u00e9s et r\u00e9pondre \u00e0 des besoins esth\u00e9tiques ou pratiques.<br>Nous grimpons dans vos arbres \u00e9quip\u00e9s de mat\u00e9riel assurant notre s\u00e9curit\u00e9 afin de redonner un coup de fraicheur \u00e0 votre ext\u00e9rieur<br><\/p>\n\n\n\n<div class=\"wp-block-buttons alignwide is-content-justification-center is-layout-flex wp-container-core-buttons-is-layout-16018d1d wp-block-buttons-is-layout-flex\">\n<div class=\"wp-block-button is-style-default\"><a class=\"wp-block-button__link has-text-align-center wp-element-button\" style=\"text-transform:none\">Voir nos r\u00e9alisations<\/a><\/div>\n<\/div>\n\n\n\n<div style=\"height:39px\" aria-hidden=\"true\" class=\"wp-block-spacer\"><\/div>\n<\/div>\n\n\n\n<div class=\"wp-block-column is-vertically-aligned-center has-background is-layout-flow wp-block-column-is-layout-flow\" style=\"background-color:#2d84c3;flex-basis:350px\">\n<div style=\"height:20px\" aria-hidden=\"true\" class=\"wp-block-spacer\"><\/div>\n\n\n<div class=\"wp-block-image\">\n<figure class=\"aligncenter size-large is-resized\"><img loading=\"lazy\" decoding=\"async\" width=\"768\" height=\"1024\" src=\"https:\/\/phoenix-elagage.fr\/wp-content\/uploads\/2025\/09\/IMG_20200116_104435-768x1024.jpg\" alt=\"\" class=\"wp-image-292\" style=\"object-fit:cover;width:250px;height:350px\" srcset=\"https:\/\/phoenix-elagage.fr\/wp-content\/uploads\/2025\/09\/IMG_20200116_104435-768x1024.jpg 768w, https:\/\/phoenix-elagage.fr\/wp-content\/uploads\/2025\/09\/IMG_20200116_104435-225x300.jpg 225w, https:\/\/phoenix-elagage.fr\/wp-content\/uploads\/2025\/09\/IMG_20200116_104435-1152x1536.jpg 1152w, https:\/\/phoenix-elagage.fr\/wp-content\/uploads\/2025\/09\/IMG_20200116_104435-1536x2048.jpg 1536w, https:\/\/phoenix-elagage.fr\/wp-content\/uploads\/2025\/09\/IMG_20200116_104435-scaled.jpg 1920w\" sizes=\"(max-width: 768px) 100vw, 768px\" \/><\/figure>\n<\/div>\n\n\n<div style=\"height:25px\" aria-hidden=\"true\" class=\"wp-block-spacer\"><\/div>\n\n\n\n<div style=\"height:0px\" aria-hidden=\"true\" class=\"wp-block-spacer\"><\/div>\n<\/div>\n<\/div>\n\n\n\n<div style=\"height:70px\" aria-hidden=\"true\" class=\"wp-block-spacer\"><\/div>\n\n\n\n<div class=\"wp-block-columns alignwide has-background is-layout-flex wp-container-core-columns-is-layout-abbe5815 wp-block-columns-is-layout-flex\" style=\"background-color:#2d84c3;padding-top:0;padding-right:0;padding-bottom:0;padding-left:0\">\n<div class=\"wp-block-column is-vertically-aligned-stretch has-background is-layout-flow wp-block-column-is-layout-flow\" style=\"background-color:#2d84c3\">\n<h2 class=\"wp-block-heading has-nv-text-dark-bg-color has-text-color has-background has-link-color has-x-large-font-size wp-elements-ffe6b694df207e058d441819253d4173\" style=\"background-color:#2d84c3;font-style:normal;font-weight:700\">Rognage de souches <\/h2>\n\n\n\n<p class=\"has-nv-site-bg-color has-text-color has-background has-link-color wp-elements-43fa887e0c2e94378cb4c09421db08e9\" style=\"background-color:#2d84c3;padding-top:0;padding-bottom:0\">Le rognage de souches, c\u2019est l\u2019\u00e9limination des souches d\u2019arbres apr\u00e8s leur abattage. Cela se fait en utilisant une machine sp\u00e9ciale pour broyer la souche en petits morceaux, facilitant ainsi la r\u00e9utilisation de l\u2019espace pour d\u2019autres am\u00e9nagements.<br><\/p>\n\n\n\n<div class=\"wp-block-buttons alignwide is-content-justification-center is-layout-flex wp-container-core-buttons-is-layout-16018d1d wp-block-buttons-is-layout-flex\">\n<div class=\"wp-block-button is-style-default\"><a class=\"wp-block-button__link has-text-align-center wp-element-button\" style=\"text-transform:none\">Voir nos r\u00e9alisations<\/a><\/div>\n<\/div>\n\n\n\n<div style=\"height:39px\" aria-hidden=\"true\" class=\"wp-block-spacer\"><\/div>\n<\/div>\n\n\n\n<div class=\"wp-block-column is-vertically-aligned-center has-background is-layout-flow wp-block-column-is-layout-flow\" style=\"background-color:#2d84c3;flex-basis:350px\">\n<div style=\"height:20px\" aria-hidden=\"true\" class=\"wp-block-spacer\"><\/div>\n\n\n<div class=\"wp-block-image\">\n<figure class=\"aligncenter size-large is-resized\"><img loading=\"lazy\" decoding=\"async\" width=\"768\" height=\"1024\" src=\"https:\/\/phoenix-elagage.fr\/wp-content\/uploads\/2025\/09\/IMG_20230612_084319-768x1024.jpg\" alt=\"\" class=\"wp-image-293\" style=\"object-fit:cover;width:250px;height:350px\" srcset=\"https:\/\/phoenix-elagage.fr\/wp-content\/uploads\/2025\/09\/IMG_20230612_084319-768x1024.jpg 768w, https:\/\/phoenix-elagage.fr\/wp-content\/uploads\/2025\/09\/IMG_20230612_084319-225x300.jpg 225w, https:\/\/phoenix-elagage.fr\/wp-content\/uploads\/2025\/09\/IMG_20230612_084319-1152x1536.jpg 1152w, https:\/\/phoenix-elagage.fr\/wp-content\/uploads\/2025\/09\/IMG_20230612_084319-1536x2048.jpg 1536w, https:\/\/phoenix-elagage.fr\/wp-content\/uploads\/2025\/09\/IMG_20230612_084319-scaled.jpg 1920w\" sizes=\"(max-width: 768px) 100vw, 768px\" \/><\/figure>\n<\/div>\n\n\n<div style=\"height:25px\" aria-hidden=\"true\" class=\"wp-block-spacer\"><\/div>\n\n\n\n<div style=\"height:0px\" aria-hidden=\"true\" class=\"wp-block-spacer\"><\/div>\n<\/div>\n<\/div>\n\n\n\n<div style=\"height:100px\" aria-hidden=\"true\" class=\"wp-block-spacer\"><\/div>\n\n\n\n<hr class=\"wp-block-separator has-alpha-channel-opacity\"\/>\n\n\n\n<div class=\"wp-block-group has-text-color has-background\" style=\"color:#000000;background-color:#ffffff\"><div class=\"wp-block-group__inner-container is-layout-flow wp-block-group-is-layout-flow\">\n<div style=\"height:28px\" aria-hidden=\"true\" class=\"wp-block-spacer\"><\/div>\n\n\n\n<h2 class=\"wp-block-heading has-text-align-center has-medium-font-size\" style=\"font-style:italic;font-weight:500\"><strong>Int\u00e9ress\u00e9 par nos services ? <\/strong><\/h2>\n\n\n\n<h2 class=\"wp-block-heading has-text-align-center\" id=\"schedule-a-visit\" style=\"font-size:59px;line-height:1.15\"><strong>Demandez votre devis gratuit<\/strong><\/h2>\n\n\n\n<div class=\"wp-block-buttons is-horizontal is-content-justification-center is-layout-flex wp-container-core-buttons-is-layout-499968f5 wp-block-buttons-is-layout-flex\">\n<div class=\"wp-block-button has-custom-width wp-block-button__width-50 is-style-default\"><a class=\"wp-block-button__link has-text-color has-background wp-element-button\" href=\"https:\/\/phoenix-elagage.fr\/index.php\/contact\/\" style=\"border-radius:50px;color:#ffffff;background-color:#2d84c3\">Contactez-nous<\/a><\/div>\n<\/div>\n\n\n\n<div style=\"height:64px\" aria-hidden=\"true\" class=\"wp-block-spacer\"><\/div>\n<\/div><\/div>\n\n\n\n<div style=\"height:179px\" aria-hidden=\"true\" class=\"wp-block-spacer\"><\/div>\n","protected":false},"excerpt":{"rendered":"<p>Abattage L\u2019abattage, c\u2019est l\u2019action de couper et faire tomber un arbre de mani\u00e8re contr\u00f4l\u00e9e. Cela n\u00e9cessite une planification minutieuse pour s\u2019assurer que l\u2019arbre tombe en toute s\u00e9curit\u00e9, en prenant en compte l\u2019espace environnant et en utilisant des techniques adapt\u00e9es. D\u00e9montage en milieu restreint Le d\u00e9montage en milieu restreint, c\u2019est l\u2019art de retirer habilement des arbres&hellip;&nbsp;<a href=\"https:\/\/phoenix-elagage.fr\/index.php\/prestations\/\" rel=\"bookmark\">Lire la suite &raquo;<span class=\"screen-reader-text\">Prestations<\/span><\/a><\/p>\n","protected":false},"author":1,"featured_media":195,"parent":0,"menu_order":1,"comment_status":"closed","ping_status":"closed","template":"","meta":{"neve_meta_sidebar":"","neve_meta_container":"default","neve_meta_enable_content_width":"on","neve_meta_content_width":100,"neve_meta_title_alignment":"","neve_meta_author_avatar":"","neve_post_elements_order":"","neve_meta_disable_header":"","neve_meta_disable_footer":"","neve_meta_disable_title":"on","footnotes":""},"class_list":["post-10","page","type-page","status-publish","has-post-thumbnail","hentry"],"yoast_head":"<!-- This site is optimized with the Yoast SEO plugin v27.4 - https:\/\/yoast.com\/product\/yoast-seo-wordpress\/ -->\n<title>Prestations - Phoenix \u00c9lagage<\/title>\n<meta name=\"robots\" content=\"index, follow, max-snippet:-1, max-image-preview:large, max-video-preview:-1\" \/>\n<link rel=\"canonical\" href=\"https:\/\/phoenix-elagage.fr\/index.php\/prestations\/\" \/>\n<meta property=\"og:locale\" content=\"fr_FR\" \/>\n<meta property=\"og:type\" content=\"article\" \/>\n<meta property=\"og:title\" content=\"Prestations - Phoenix \u00c9lagage\" \/>\n<meta property=\"og:description\" content=\"Abattage L\u2019abattage, c\u2019est l\u2019action de couper et faire tomber un arbre de mani\u00e8re contr\u00f4l\u00e9e. Cela n\u00e9cessite une planification minutieuse pour s\u2019assurer que l\u2019arbre tombe en toute s\u00e9curit\u00e9, en prenant en compte l\u2019espace environnant et en utilisant des techniques adapt\u00e9es. D\u00e9montage en milieu restreint Le d\u00e9montage en milieu restreint, c\u2019est l\u2019art de retirer habilement des arbres&hellip;&nbsp;Lire la suite &raquo;Prestations\" \/>\n<meta property=\"og:url\" content=\"https:\/\/phoenix-elagage.fr\/index.php\/prestations\/\" \/>\n<meta property=\"og:site_name\" content=\"Phoenix \u00c9lagage\" \/>\n<meta property=\"article:modified_time\" content=\"2025-09-09T09:33:46+00:00\" \/>\n<meta property=\"og:image\" content=\"https:\/\/phoenix-elagage.fr\/wp-content\/uploads\/2025\/04\/Nicolas_Vincent050-copie-edited-1-scaled.jpg\" \/>\n\t<meta property=\"og:image:width\" content=\"1707\" \/>\n\t<meta property=\"og:image:height\" content=\"2560\" \/>\n\t<meta property=\"og:image:type\" content=\"image\/jpeg\" \/>\n<meta name=\"twitter:card\" content=\"summary_large_image\" \/>\n<meta name=\"twitter:label1\" content=\"Dur\u00e9e de lecture estim\u00e9e\" \/>\n\t<meta name=\"twitter:data1\" content=\"3 minutes\" \/>\n<script type=\"application\/ld+json\" class=\"yoast-schema-graph\">{\"@context\":\"https:\\\/\\\/schema.org\",\"@graph\":[{\"@type\":\"WebPage\",\"@id\":\"https:\\\/\\\/phoenix-elagage.fr\\\/index.php\\\/prestations\\\/\",\"url\":\"https:\\\/\\\/phoenix-elagage.fr\\\/index.php\\\/prestations\\\/\",\"name\":\"Prestations - Phoenix \u00c9lagage\",\"isPartOf\":{\"@id\":\"https:\\\/\\\/phoenix-elagage.fr\\\/#website\"},\"primaryImageOfPage\":{\"@id\":\"https:\\\/\\\/phoenix-elagage.fr\\\/index.php\\\/prestations\\\/#primaryimage\"},\"image\":{\"@id\":\"https:\\\/\\\/phoenix-elagage.fr\\\/index.php\\\/prestations\\\/#primaryimage\"},\"thumbnailUrl\":\"https:\\\/\\\/phoenix-elagage.fr\\\/wp-content\\\/uploads\\\/2025\\\/04\\\/Nicolas_Vincent050-copie-edited-1-scaled.jpg\",\"datePublished\":\"2025-01-25T18:11:05+00:00\",\"dateModified\":\"2025-09-09T09:33:46+00:00\",\"breadcrumb\":{\"@id\":\"https:\\\/\\\/phoenix-elagage.fr\\\/index.php\\\/prestations\\\/#breadcrumb\"},\"inLanguage\":\"fr-FR\",\"potentialAction\":[{\"@type\":\"ReadAction\",\"target\":[\"https:\\\/\\\/phoenix-elagage.fr\\\/index.php\\\/prestations\\\/\"]}]},{\"@type\":\"ImageObject\",\"inLanguage\":\"fr-FR\",\"@id\":\"https:\\\/\\\/phoenix-elagage.fr\\\/index.php\\\/prestations\\\/#primaryimage\",\"url\":\"https:\\\/\\\/phoenix-elagage.fr\\\/wp-content\\\/uploads\\\/2025\\\/04\\\/Nicolas_Vincent050-copie-edited-1-scaled.jpg\",\"contentUrl\":\"https:\\\/\\\/phoenix-elagage.fr\\\/wp-content\\\/uploads\\\/2025\\\/04\\\/Nicolas_Vincent050-copie-edited-1-scaled.jpg\",\"width\":1707,\"height\":2560,\"caption\":\"Phoenix \u00c9lagage accueil\"},{\"@type\":\"BreadcrumbList\",\"@id\":\"https:\\\/\\\/phoenix-elagage.fr\\\/index.php\\\/prestations\\\/#breadcrumb\",\"itemListElement\":[{\"@type\":\"ListItem\",\"position\":1,\"name\":\"Accueil\",\"item\":\"https:\\\/\\\/phoenix-elagage.fr\\\/\"},{\"@type\":\"ListItem\",\"position\":2,\"name\":\"Prestations\"}]},{\"@type\":\"WebSite\",\"@id\":\"https:\\\/\\\/phoenix-elagage.fr\\\/#website\",\"url\":\"https:\\\/\\\/phoenix-elagage.fr\\\/\",\"name\":\"Phoenix \u00c9lagage\",\"description\":\"Transformer votre paysage\",\"publisher\":{\"@id\":\"https:\\\/\\\/phoenix-elagage.fr\\\/#organization\"},\"potentialAction\":[{\"@type\":\"SearchAction\",\"target\":{\"@type\":\"EntryPoint\",\"urlTemplate\":\"https:\\\/\\\/phoenix-elagage.fr\\\/?s={search_term_string}\"},\"query-input\":{\"@type\":\"PropertyValueSpecification\",\"valueRequired\":true,\"valueName\":\"search_term_string\"}}],\"inLanguage\":\"fr-FR\"},{\"@type\":\"Organization\",\"@id\":\"https:\\\/\\\/phoenix-elagage.fr\\\/#organization\",\"name\":\"Phoenix \u00c9lagage\",\"url\":\"https:\\\/\\\/phoenix-elagage.fr\\\/\",\"logo\":{\"@type\":\"ImageObject\",\"inLanguage\":\"fr-FR\",\"@id\":\"https:\\\/\\\/phoenix-elagage.fr\\\/#\\\/schema\\\/logo\\\/image\\\/\",\"url\":\"https:\\\/\\\/phoenix-elagage.fr\\\/wp-content\\\/uploads\\\/2025\\\/01\\\/logo-agency.png\",\"contentUrl\":\"https:\\\/\\\/phoenix-elagage.fr\\\/wp-content\\\/uploads\\\/2025\\\/01\\\/logo-agency.png\",\"width\":200,\"height\":200,\"caption\":\"Phoenix \u00c9lagage\"},\"image\":{\"@id\":\"https:\\\/\\\/phoenix-elagage.fr\\\/#\\\/schema\\\/logo\\\/image\\\/\"}}]}<\/script>\n<!-- \/ Yoast SEO plugin. -->","yoast_head_json":{"title":"Prestations - Phoenix \u00c9lagage","robots":{"index":"index","follow":"follow","max-snippet":"max-snippet:-1","max-image-preview":"max-image-preview:large","max-video-preview":"max-video-preview:-1"},"canonical":"https:\/\/phoenix-elagage.fr\/index.php\/prestations\/","og_locale":"fr_FR","og_type":"article","og_title":"Prestations - Phoenix \u00c9lagage","og_description":"Abattage L\u2019abattage, c\u2019est l\u2019action de couper et faire tomber un arbre de mani\u00e8re contr\u00f4l\u00e9e. Cela n\u00e9cessite une planification minutieuse pour s\u2019assurer que l\u2019arbre tombe en toute s\u00e9curit\u00e9, en prenant en compte l\u2019espace environnant et en utilisant des techniques adapt\u00e9es. D\u00e9montage en milieu restreint Le d\u00e9montage en milieu restreint, c\u2019est l\u2019art de retirer habilement des arbres&hellip;&nbsp;Lire la suite &raquo;Prestations","og_url":"https:\/\/phoenix-elagage.fr\/index.php\/prestations\/","og_site_name":"Phoenix \u00c9lagage","article_modified_time":"2025-09-09T09:33:46+00:00","og_image":[{"width":1707,"height":2560,"url":"https:\/\/phoenix-elagage.fr\/wp-content\/uploads\/2025\/04\/Nicolas_Vincent050-copie-edited-1-scaled.jpg","type":"image\/jpeg"}],"twitter_card":"summary_large_image","twitter_misc":{"Dur\u00e9e de lecture estim\u00e9e":"3 minutes"},"schema":{"@context":"https:\/\/schema.org","@graph":[{"@type":"WebPage","@id":"https:\/\/phoenix-elagage.fr\/index.php\/prestations\/","url":"https:\/\/phoenix-elagage.fr\/index.php\/prestations\/","name":"Prestations - Phoenix \u00c9lagage","isPartOf":{"@id":"https:\/\/phoenix-elagage.fr\/#website"},"primaryImageOfPage":{"@id":"https:\/\/phoenix-elagage.fr\/index.php\/prestations\/#primaryimage"},"image":{"@id":"https:\/\/phoenix-elagage.fr\/index.php\/prestations\/#primaryimage"},"thumbnailUrl":"https:\/\/phoenix-elagage.fr\/wp-content\/uploads\/2025\/04\/Nicolas_Vincent050-copie-edited-1-scaled.jpg","datePublished":"2025-01-25T18:11:05+00:00","dateModified":"2025-09-09T09:33:46+00:00","breadcrumb":{"@id":"https:\/\/phoenix-elagage.fr\/index.php\/prestations\/#breadcrumb"},"inLanguage":"fr-FR","potentialAction":[{"@type":"ReadAction","target":["https:\/\/phoenix-elagage.fr\/index.php\/prestations\/"]}]},{"@type":"ImageObject","inLanguage":"fr-FR","@id":"https:\/\/phoenix-elagage.fr\/index.php\/prestations\/#primaryimage","url":"https:\/\/phoenix-elagage.fr\/wp-content\/uploads\/2025\/04\/Nicolas_Vincent050-copie-edited-1-scaled.jpg","contentUrl":"https:\/\/phoenix-elagage.fr\/wp-content\/uploads\/2025\/04\/Nicolas_Vincent050-copie-edited-1-scaled.jpg","width":1707,"height":2560,"caption":"Phoenix \u00c9lagage accueil"},{"@type":"BreadcrumbList","@id":"https:\/\/phoenix-elagage.fr\/index.php\/prestations\/#breadcrumb","itemListElement":[{"@type":"ListItem","position":1,"name":"Accueil","item":"https:\/\/phoenix-elagage.fr\/"},{"@type":"ListItem","position":2,"name":"Prestations"}]},{"@type":"WebSite","@id":"https:\/\/phoenix-elagage.fr\/#website","url":"https:\/\/phoenix-elagage.fr\/","name":"Phoenix \u00c9lagage","description":"Transformer votre paysage","publisher":{"@id":"https:\/\/phoenix-elagage.fr\/#organization"},"potentialAction":[{"@type":"SearchAction","target":{"@type":"EntryPoint","urlTemplate":"https:\/\/phoenix-elagage.fr\/?s={search_term_string}"},"query-input":{"@type":"PropertyValueSpecification","valueRequired":true,"valueName":"search_term_string"}}],"inLanguage":"fr-FR"},{"@type":"Organization","@id":"https:\/\/phoenix-elagage.fr\/#organization","name":"Phoenix \u00c9lagage","url":"https:\/\/phoenix-elagage.fr\/","logo":{"@type":"ImageObject","inLanguage":"fr-FR","@id":"https:\/\/phoenix-elagage.fr\/#\/schema\/logo\/image\/","url":"https:\/\/phoenix-elagage.fr\/wp-content\/uploads\/2025\/01\/logo-agency.png","contentUrl":"https:\/\/phoenix-elagage.fr\/wp-content\/uploads\/2025\/01\/logo-agency.png","width":200,"height":200,"caption":"Phoenix \u00c9lagage"},"image":{"@id":"https:\/\/phoenix-elagage.fr\/#\/schema\/logo\/image\/"}}]}},"_links":{"self":[{"href":"https:\/\/phoenix-elagage.fr\/index.php\/wp-json\/wp\/v2\/pages\/10","targetHints":{"allow":["GET"]}}],"collection":[{"href":"https:\/\/phoenix-elagage.fr\/index.php\/wp-json\/wp\/v2\/pages"}],"about":[{"href":"https:\/\/phoenix-elagage.fr\/index.php\/wp-json\/wp\/v2\/types\/page"}],"author":[{"embeddable":true,"href":"https:\/\/phoenix-elagage.fr\/index.php\/wp-json\/wp\/v2\/users\/1"}],"replies":[{"embeddable":true,"href":"https:\/\/phoenix-elagage.fr\/index.php\/wp-json\/wp\/v2\/comments?post=10"}],"version-history":[{"count":31,"href":"https:\/\/phoenix-elagage.fr\/index.php\/wp-json\/wp\/v2\/pages\/10\/revisions"}],"predecessor-version":[{"id":295,"href":"https:\/\/phoenix-elagage.fr\/index.php\/wp-json\/wp\/v2\/pages\/10\/revisions\/295"}],"wp:featuredmedia":[{"embeddable":true,"href":"https:\/\/phoenix-elagage.fr\/index.php\/wp-json\/wp\/v2\/media\/195"}],"wp:attachment":[{"href":"https:\/\/phoenix-elagage.fr\/index.php\/wp-json\/wp\/v2\/media?parent=10"}],"curies":[{"name":"wp","href":"https:\/\/api.w.org\/{rel}","templated":true}]}}